{"id":4042,"date":"2016-07-06T10:47:25","date_gmt":"2016-07-06T14:47:25","guid":{"rendered":"https:\/\/canadiancelebrantinstitute.ca\/officiant-courses\/"},"modified":"2025-09-23T13:37:58","modified_gmt":"2025-09-23T17:37:58","slug":"officiant-courses","status":"publish","type":"page","link":"https:\/\/canadiancelebrantinstitute.ca\/fr\/officiant-courses\/","title":{"rendered":"Cours pour le clerg\u00e9"},"content":{"rendered":"<p>Si vous avez besoin d&rsquo;aide pour suivre les cours et passer les tests (pour recevoir les informations sous forme orale, par exemple), veuillez nous en informer.<\/p>\n<div id=\"ld-course-list-content-4e13bd027b2c10da73d9e17072f6a6cc\" class=\"ld-course-list-content\" data-shortcode-atts=\"{&quot;order&quot;:&quot;ASC&quot;,&quot;orderby&quot;:&quot;menu_order&quot;,&quot;col&quot;:&quot;3&quot;,&quot;course_tag&quot;:&quot;open-course-fr&quot;}\">\n\t\t\t<div class=\"ld-course-list-items row\">\n\t<!-- LearnDash Course Grid v1 --><div class=\"ld_course_grid col-sm-8 col-md-4 \">\n\t<article id=\"post-3907\" class=\" thumbnail course post-3907 sfwd-courses type-sfwd-courses status-publish has-post-thumbnail hentry ld_course_tag-open-course-fr\">\n\t\t\t\t\t\t\t\t<div class=\"ribbon\">\n\t\t\t\tGratuit\t\t\t<\/div>\n\t\t\t\n\t\t\t\t\t\t<a\n\t\t\t\taria-hidden=\"true\"\n\t\t\t\thref=\"https:\/\/canadiancelebrantinstitute.ca\/fr\/courses\/soutien-au-clerge-et-pastorale\/\"\n\t\t\t\ttabindex=\"-1\"\n\t\t\t>\n\t\t\t\t<img loading=\"lazy\" decoding=\"async\" width=\"300\" height=\"169\" src=\"https:\/\/canadiancelebrantinstitute.ca\/wp-content\/uploads\/2018\/11\/clergysupport-e1611346624500-300x169.jpg\" class=\"attachment-medium size-medium wp-post-image\" alt=\"Soutien au clerg\u00e9 et pastorale\" srcset=\"https:\/\/canadiancelebrantinstitute.ca\/wp-content\/uploads\/2018\/11\/clergysupport-e1611346624500-300x169.jpg 300w, https:\/\/canadiancelebrantinstitute.ca\/wp-content\/uploads\/2018\/11\/clergysupport-e1611346624500.jpg 399w\" sizes=\"auto, (max-width: 300px) 100vw, 300px\" \/>\t\t\t<\/a>\n\t\t\t\t\t\n\t\t\t\t\t<div class=\"caption\">\n\t\t\t\t<h3 class=\"entry-title\">Soutien au clerg\u00e9 et pastorale<\/h3>\n\t\t\t\t\t\t\t\t<div class=\"entry-content\"><p>Ce cours vous fournira des informations sur l'\u00c9glise, le soutien pastoral, le comportement attendu et le discernement minist\u00e9riel. Il comprend cinq modules et un quiz.<\/p>\n<\/div>\n\t\t\t\t\t\t\t\t<div class=\"ld_course_grid_button\">\n\t\t\t\t\t<a\n\t\t\t\t\t\taria-label=\"Inscrivez-vous maintenant: Soutien au clerg\u00e9 et pastorale\"\n\t\t\t\t\t\tclass=\"btn btn-primary\"\n\t\t\t\t\t\thref=\"https:\/\/canadiancelebrantinstitute.ca\/fr\/courses\/soutien-au-clerge-et-pastorale\/\"\n\t\t\t\t\t>\n\t\t\t\t\t\tInscrivez-vous maintenant\t\t\t\t\t<\/a>\n\t\t\t\t<\/div>\n\t\t\t\t\t\t\t<\/div><!-- .entry-header -->\n\t\t\t<\/article><!-- #post-## -->\n<\/div><!-- .ld_course_grid -->\n<!-- LearnDash Course Grid v1 --><div class=\"ld_course_grid col-sm-8 col-md-4 \">\n\t<article id=\"post-3909\" class=\" thumbnail course post-3909 sfwd-courses type-sfwd-courses status-publish has-post-thumbnail hentry ld_course_tag-open-course-fr\">\n\t\t\t\t\t\t\t\t<div class=\"ribbon\">\n\t\t\t\tGratuit\t\t\t<\/div>\n\t\t\t\n\t\t\t\t\t\t<a\n\t\t\t\taria-hidden=\"true\"\n\t\t\t\thref=\"https:\/\/canadiancelebrantinstitute.ca\/fr\/courses\/theologie-101\/\"\n\t\t\t\ttabindex=\"-1\"\n\t\t\t>\n\t\t\t\t<img loading=\"lazy\" decoding=\"async\" width=\"300\" height=\"168\" src=\"https:\/\/canadiancelebrantinstitute.ca\/wp-content\/uploads\/2020\/11\/theology-2-e1606937514941.jpg\" class=\"attachment-medium size-medium wp-post-image\" alt=\"Th\u00e9ologie 101\" \/>\t\t\t<\/a>\n\t\t\t\t\t\n\t\t\t\t\t<div class=\"caption\">\n\t\t\t\t<h3 class=\"entry-title\">Th\u00e9ologie 101<\/h3>\n\t\t\t\t\t\t\t\t<div class=\"entry-content\"><p>Dans le cadre de notre programme de formation, les le\u00e7ons suivantes ont pour objectif de fournir un aper\u00e7u historique, une vue d\u2019ensemble de la th\u00e9ologie et un contexte pour situer notre \u00e9glise dans son cadre th\u00e9ologique. Nous mettrons l\u2019accent sur la th\u00e9ologie du culte. Le programme se compose de trois modules, deux jeux-questionnaires et un travail de recherche recommand\u00e9, bien que non obligatoire.<\/p>\n<\/div>\n\t\t\t\t\t\t\t\t<div class=\"ld_course_grid_button\">\n\t\t\t\t\t<a\n\t\t\t\t\t\taria-label=\"Inscrivez-vous maintenant: Th\u00e9ologie 101\"\n\t\t\t\t\t\tclass=\"btn btn-primary\"\n\t\t\t\t\t\thref=\"https:\/\/canadiancelebrantinstitute.ca\/fr\/courses\/theologie-101\/\"\n\t\t\t\t\t>\n\t\t\t\t\t\tInscrivez-vous maintenant\t\t\t\t\t<\/a>\n\t\t\t\t<\/div>\n\t\t\t\t\t\t\t<\/div><!-- .entry-header -->\n\t\t\t<\/article><!-- #post-## -->\n<\/div><!-- .ld_course_grid -->\n<!-- LearnDash Course Grid v1 --><div class=\"ld_course_grid col-sm-8 col-md-4 \">\n\t<article id=\"post-4002\" class=\" thumbnail course post-4002 sfwd-courses type-sfwd-courses status-publish has-post-thumbnail hentry ld_course_tag-open-course-fr\">\n\t\t\t\t\t\t\t\t<div class=\"ribbon\">\n\t\t\t\tGratuit\t\t\t<\/div>\n\t\t\t\n\t\t\t\t\t\t<a\n\t\t\t\taria-hidden=\"true\"\n\t\t\t\thref=\"https:\/\/canadiancelebrantinstitute.ca\/fr\/courses\/the-planning-meeting\/\"\n\t\t\t\ttabindex=\"-1\"\n\t\t\t>\n\t\t\t\t<img loading=\"lazy\" decoding=\"async\" width=\"300\" height=\"223\" src=\"https:\/\/canadiancelebrantinstitute.ca\/wp-content\/uploads\/2016\/07\/planning-meeting-300x223.jpg\" class=\"attachment-medium size-medium wp-post-image\" alt=\"La r\u00e9union pour l&rsquo;organisation du mariage\" srcset=\"https:\/\/canadiancelebrantinstitute.ca\/wp-content\/uploads\/2016\/07\/planning-meeting-300x223.jpg 300w, https:\/\/canadiancelebrantinstitute.ca\/wp-content\/uploads\/2016\/07\/planning-meeting-100x74.jpg 100w, https:\/\/canadiancelebrantinstitute.ca\/wp-content\/uploads\/2016\/07\/planning-meeting.jpg 700w\" sizes=\"auto, (max-width: 300px) 100vw, 300px\" \/>\t\t\t<\/a>\n\t\t\t\t\t\n\t\t\t\t\t<div class=\"caption\">\n\t\t\t\t<h3 class=\"entry-title\">La r\u00e9union pour l&rsquo;organisation du mariage<\/h3>\n\t\t\t\t\t\t\t\t<div class=\"entry-content\"><p>Ce cours vous pr\u00e9parera \u00e0 mener avec succ\u00e8s les r\u00e9unions de planification pr\u00e9c\u00e9dant les c\u00e9r\u00e9monies de mariage que vous organisez. Il comprend quatre modules et un quiz.<\/p>\n<\/div>\n\t\t\t\t\t\t\t\t<div class=\"ld_course_grid_button\">\n\t\t\t\t\t<a\n\t\t\t\t\t\taria-label=\"Inscrivez-vous maintenant: La r\u00e9union pour l&rsquo;organisation du mariage\"\n\t\t\t\t\t\tclass=\"btn btn-primary\"\n\t\t\t\t\t\thref=\"https:\/\/canadiancelebrantinstitute.ca\/fr\/courses\/the-planning-meeting\/\"\n\t\t\t\t\t>\n\t\t\t\t\t\tInscrivez-vous maintenant\t\t\t\t\t<\/a>\n\t\t\t\t<\/div>\n\t\t\t\t\t\t\t<\/div><!-- .entry-header -->\n\t\t\t<\/article><!-- #post-## -->\n<\/div><!-- .ld_course_grid -->\n<!-- LearnDash Course Grid v1 --><div class=\"ld_course_grid col-sm-8 col-md-4 \">\n\t<article id=\"post-3989\" class=\" thumbnail course post-3989 sfwd-courses type-sfwd-courses status-publish has-post-thumbnail hentry ld_course_tag-open-course-fr\">\n\t\t\t\t\t\t\t\t<div class=\"ribbon\">\n\t\t\t\tGratuit\t\t\t<\/div>\n\t\t\t\n\t\t\t\t\t\t<a\n\t\t\t\taria-hidden=\"true\"\n\t\t\t\thref=\"https:\/\/canadiancelebrantinstitute.ca\/fr\/courses\/the-wedding-ceremony\/\"\n\t\t\t\ttabindex=\"-1\"\n\t\t\t>\n\t\t\t\t<img loading=\"lazy\" decoding=\"async\" width=\"300\" height=\"223\" src=\"https:\/\/canadiancelebrantinstitute.ca\/wp-content\/uploads\/2016\/07\/wedding-ceremony-300x223.jpg\" class=\"attachment-medium size-medium wp-post-image\" alt=\"C\u00e9l\u00e9brer Un Mariage\" srcset=\"https:\/\/canadiancelebrantinstitute.ca\/wp-content\/uploads\/2016\/07\/wedding-ceremony-300x223.jpg 300w, https:\/\/canadiancelebrantinstitute.ca\/wp-content\/uploads\/2016\/07\/wedding-ceremony-100x74.jpg 100w, https:\/\/canadiancelebrantinstitute.ca\/wp-content\/uploads\/2016\/07\/wedding-ceremony.jpg 700w\" sizes=\"auto, (max-width: 300px) 100vw, 300px\" \/>\t\t\t<\/a>\n\t\t\t\t\t\n\t\t\t\t\t<div class=\"caption\">\n\t\t\t\t<h3 class=\"entry-title\">C\u00e9l\u00e9brer Un Mariage<\/h3>\n\t\t\t\t\t\t\t\t<div class=\"entry-content\"><p>Ce cours couvre la formation avant, pendant et apr\u00e8s la c\u00e9r\u00e9monie. Il comprend les meilleures pratiques bas\u00e9es sur l'exp\u00e9rience de centaines de c\u00e9l\u00e9brants de mariage. Il comprend sept modules et un quiz.<\/p>\n<\/div>\n\t\t\t\t\t\t\t\t<div class=\"ld_course_grid_button\">\n\t\t\t\t\t<a\n\t\t\t\t\t\taria-label=\"Inscrivez-vous maintenant: C\u00e9l\u00e9brer Un Mariage\"\n\t\t\t\t\t\tclass=\"btn btn-primary\"\n\t\t\t\t\t\thref=\"https:\/\/canadiancelebrantinstitute.ca\/fr\/courses\/the-wedding-ceremony\/\"\n\t\t\t\t\t>\n\t\t\t\t\t\tInscrivez-vous maintenant\t\t\t\t\t<\/a>\n\t\t\t\t<\/div>\n\t\t\t\t\t\t\t<\/div><!-- .entry-header -->\n\t\t\t<\/article><!-- #post-## -->\n<\/div><!-- .ld_course_grid -->\n<!-- LearnDash Course Grid v1 --><div class=\"ld_course_grid col-sm-8 col-md-4 \">\n\t<article id=\"post-3915\" class=\" thumbnail course post-3915 sfwd-courses type-sfwd-courses status-publish has-post-thumbnail hentry ld_course_tag-open-course-fr\">\n\t\t\t\t\t\t\t\t<div class=\"ribbon\">\n\t\t\t\tGratuit\t\t\t<\/div>\n\t\t\t\n\t\t\t\t\t\t<a\n\t\t\t\taria-hidden=\"true\"\n\t\t\t\thref=\"https:\/\/canadiancelebrantinstitute.ca\/fr\/courses\/la-paperasserie-juridique-en-ontario\/\"\n\t\t\t\ttabindex=\"-1\"\n\t\t\t>\n\t\t\t\t<img loading=\"lazy\" decoding=\"async\" width=\"300\" height=\"200\" src=\"https:\/\/canadiancelebrantinstitute.ca\/wp-content\/uploads\/2018\/12\/paperwork-on-300x200.jpg\" class=\"attachment-medium size-medium wp-post-image\" alt=\"LA PAPERASSERIE JURIDIQUE EN ONTARIO\" srcset=\"https:\/\/canadiancelebrantinstitute.ca\/wp-content\/uploads\/2018\/12\/paperwork-on-300x200.jpg 300w, https:\/\/canadiancelebrantinstitute.ca\/wp-content\/uploads\/2018\/12\/paperwork-on-768x512.jpg 768w, https:\/\/canadiancelebrantinstitute.ca\/wp-content\/uploads\/2018\/12\/paperwork-on.jpg 1000w\" sizes=\"auto, (max-width: 300px) 100vw, 300px\" \/>\t\t\t<\/a>\n\t\t\t\t\t\n\t\t\t\t\t<div class=\"caption\">\n\t\t\t\t<h3 class=\"entry-title\">LA PAPERASSERIE JURIDIQUE EN ONTARIO<\/h3>\n\t\t\t\t\t\t\t\t<div class=\"entry-content\"><p>Ce cours vous fournira toutes les informations n\u00e9cessaires pour remplir les documents requis pour se marier en Ontario.<\/p>\n<\/div>\n\t\t\t\t\t\t\t\t<div class=\"ld_course_grid_button\">\n\t\t\t\t\t<a\n\t\t\t\t\t\taria-label=\"Inscrivez-vous maintenant: LA PAPERASSERIE JURIDIQUE EN ONTARIO\"\n\t\t\t\t\t\tclass=\"btn btn-primary\"\n\t\t\t\t\t\thref=\"https:\/\/canadiancelebrantinstitute.ca\/fr\/courses\/la-paperasserie-juridique-en-ontario\/\"\n\t\t\t\t\t>\n\t\t\t\t\t\tInscrivez-vous maintenant\t\t\t\t\t<\/a>\n\t\t\t\t<\/div>\n\t\t\t\t\t\t\t<\/div><!-- .entry-header -->\n\t\t\t<\/article><!-- #post-## -->\n<\/div><!-- .ld_course_grid -->\n<!-- LearnDash Course Grid v1 --><div class=\"ld_course_grid col-sm-8 col-md-4 \">\n\t<article id=\"post-3940\" class=\" thumbnail course post-3940 sfwd-courses type-sfwd-courses status-publish has-post-thumbnail hentry ld_course_tag-open-course-fr\">\n\t\t\t\t\t\t\t\t<div class=\"ribbon\">\n\t\t\t\tGratuit\t\t\t<\/div>\n\t\t\t\n\t\t\t\t\t\t<a\n\t\t\t\taria-hidden=\"true\"\n\t\t\t\thref=\"https:\/\/canadiancelebrantinstitute.ca\/fr\/courses\/la-paperasserie-juridique-au-quebec\/\"\n\t\t\t\ttabindex=\"-1\"\n\t\t\t>\n\t\t\t\t<img loading=\"lazy\" decoding=\"async\" width=\"300\" height=\"200\" src=\"https:\/\/canadiancelebrantinstitute.ca\/wp-content\/uploads\/2018\/12\/paperwork-qc-300x200.jpg\" class=\"attachment-medium size-medium wp-post-image\" alt=\"LA PAPERASSERIE JURIDIQUE AU QUEBEC\" srcset=\"https:\/\/canadiancelebrantinstitute.ca\/wp-content\/uploads\/2018\/12\/paperwork-qc-300x200.jpg 300w, https:\/\/canadiancelebrantinstitute.ca\/wp-content\/uploads\/2018\/12\/paperwork-qc-768x512.jpg 768w, https:\/\/canadiancelebrantinstitute.ca\/wp-content\/uploads\/2018\/12\/paperwork-qc.jpg 1000w\" sizes=\"auto, (max-width: 300px) 100vw, 300px\" \/>\t\t\t<\/a>\n\t\t\t\t\t\n\t\t\t\t\t<div class=\"caption\">\n\t\t\t\t<h3 class=\"entry-title\">LA PAPERASSERIE JURIDIQUE AU QUEBEC<\/h3>\n\t\t\t\t\t\t\t\t<div class=\"entry-content\"><p>Ce cours vous fournira toutes les informations n\u00e9cessaires pour remplir les documents requis pour se marier au Qu\u00e9bec.<\/p>\n<\/div>\n\t\t\t\t\t\t\t\t<div class=\"ld_course_grid_button\">\n\t\t\t\t\t<a\n\t\t\t\t\t\taria-label=\"Inscrivez-vous maintenant: LA PAPERASSERIE JURIDIQUE AU QUEBEC\"\n\t\t\t\t\t\tclass=\"btn btn-primary\"\n\t\t\t\t\t\thref=\"https:\/\/canadiancelebrantinstitute.ca\/fr\/courses\/la-paperasserie-juridique-au-quebec\/\"\n\t\t\t\t\t>\n\t\t\t\t\t\tInscrivez-vous maintenant\t\t\t\t\t<\/a>\n\t\t\t\t<\/div>\n\t\t\t\t\t\t\t<\/div><!-- .entry-header -->\n\t\t\t<\/article><!-- #post-## -->\n<\/div><!-- .ld_course_grid -->\n\t<\/div>\n\t\t\t<\/div>\n\t\t\n\n","protected":false},"excerpt":{"rendered":"<p>Si vous avez besoin d&rsquo;aide pour suivre les cours et passer les tests (pour recevoir les informations sous forme orale, par exemple), veuillez nous en informer.<\/p>\n","protected":false},"author":2,"featured_media":0,"parent":0,"menu_order":0,"comment_status":"closed","ping_status":"closed","template":"template-fullwidth.php","meta":{"footnotes":""},"class_list":["post-4042","page","type-page","status-publish","hentry"],"yoast_head":"<!-- This site is optimized with the Yoast SEO plugin v27.4 - https:\/\/yoast.com\/product\/yoast-seo-wordpress\/ -->\n<title>Cours pour le clerg\u00e9 - Canadian Ministers Institute<\/title>\n<meta name=\"robots\" content=\"noindex, follow\" \/>\n<meta property=\"og:locale\" content=\"fr_FR\" \/>\n<meta property=\"og:type\" content=\"article\" \/>\n<meta property=\"og:title\" content=\"Cours pour le clerg\u00e9 - Canadian Ministers Institute\" \/>\n<meta property=\"og:description\" content=\"Si vous avez besoin d&rsquo;aide pour suivre les cours et passer les tests (pour recevoir les informations sous forme orale, par exemple), veuillez nous en informer.\" \/>\n<meta property=\"og:url\" content=\"https:\/\/canadiancelebrantinstitute.ca\/fr\/officiant-courses\/\" \/>\n<meta property=\"og:site_name\" content=\"Canadian Ministers Institute\" \/>\n<meta property=\"article:modified_time\" content=\"2025-09-23T17:37:58+00:00\" \/>\n<meta name=\"twitter:card\" content=\"summary_large_image\" \/>\n<meta name=\"twitter:label1\" content=\"Dur\u00e9e de lecture estim\u00e9e\" \/>\n\t<meta name=\"twitter:data1\" content=\"1 minute\" \/>\n<script type=\"application\/ld+json\" class=\"yoast-schema-graph\">{\"@context\":\"https:\\\/\\\/schema.org\",\"@graph\":[{\"@type\":\"WebPage\",\"@id\":\"https:\\\/\\\/canadiancelebrantinstitute.ca\\\/fr\\\/officiant-courses\\\/\",\"url\":\"https:\\\/\\\/canadiancelebrantinstitute.ca\\\/fr\\\/officiant-courses\\\/\",\"name\":\"Cours pour le clerg\u00e9 - Canadian Ministers Institute\",\"isPartOf\":{\"@id\":\"https:\\\/\\\/canadiancelebrantinstitute.ca\\\/fr\\\/#website\"},\"datePublished\":\"2016-07-06T14:47:25+00:00\",\"dateModified\":\"2025-09-23T17:37:58+00:00\",\"breadcrumb\":{\"@id\":\"https:\\\/\\\/canadiancelebrantinstitute.ca\\\/fr\\\/officiant-courses\\\/#breadcrumb\"},\"inLanguage\":\"fr-FR\",\"potentialAction\":[{\"@type\":\"ReadAction\",\"target\":[\"https:\\\/\\\/canadiancelebrantinstitute.ca\\\/fr\\\/officiant-courses\\\/\"]}]},{\"@type\":\"BreadcrumbList\",\"@id\":\"https:\\\/\\\/canadiancelebrantinstitute.ca\\\/fr\\\/officiant-courses\\\/#breadcrumb\",\"itemListElement\":[{\"@type\":\"ListItem\",\"position\":1,\"name\":\"Home\",\"item\":\"https:\\\/\\\/canadiancelebrantinstitute.ca\\\/fr\\\/\"},{\"@type\":\"ListItem\",\"position\":2,\"name\":\"Cours pour le clerg\u00e9\"}]},{\"@type\":\"WebSite\",\"@id\":\"https:\\\/\\\/canadiancelebrantinstitute.ca\\\/fr\\\/#website\",\"url\":\"https:\\\/\\\/canadiancelebrantinstitute.ca\\\/fr\\\/\",\"name\":\"Canadian Ministers Institute\",\"description\":\"An outreach of Clergy Support Memorial Church\",\"potentialAction\":[{\"@type\":\"SearchAction\",\"target\":{\"@type\":\"EntryPoint\",\"urlTemplate\":\"https:\\\/\\\/canadiancelebrantinstitute.ca\\\/fr\\\/?s={search_term_string}\"},\"query-input\":{\"@type\":\"PropertyValueSpecification\",\"valueRequired\":true,\"valueName\":\"search_term_string\"}}],\"inLanguage\":\"fr-FR\"}]}<\/script>\n<!-- \/ Yoast SEO plugin. -->","yoast_head_json":{"title":"Cours pour le clerg\u00e9 - Canadian Ministers Institute","robots":{"index":"noindex","follow":"follow"},"og_locale":"fr_FR","og_type":"article","og_title":"Cours pour le clerg\u00e9 - Canadian Ministers Institute","og_description":"Si vous avez besoin d&rsquo;aide pour suivre les cours et passer les tests (pour recevoir les informations sous forme orale, par exemple), veuillez nous en informer.","og_url":"https:\/\/canadiancelebrantinstitute.ca\/fr\/officiant-courses\/","og_site_name":"Canadian Ministers Institute","article_modified_time":"2025-09-23T17:37:58+00:00","twitter_card":"summary_large_image","twitter_misc":{"Dur\u00e9e de lecture estim\u00e9e":"1 minute"},"schema":{"@context":"https:\/\/schema.org","@graph":[{"@type":"WebPage","@id":"https:\/\/canadiancelebrantinstitute.ca\/fr\/officiant-courses\/","url":"https:\/\/canadiancelebrantinstitute.ca\/fr\/officiant-courses\/","name":"Cours pour le clerg\u00e9 - Canadian Ministers Institute","isPartOf":{"@id":"https:\/\/canadiancelebrantinstitute.ca\/fr\/#website"},"datePublished":"2016-07-06T14:47:25+00:00","dateModified":"2025-09-23T17:37:58+00:00","breadcrumb":{"@id":"https:\/\/canadiancelebrantinstitute.ca\/fr\/officiant-courses\/#breadcrumb"},"inLanguage":"fr-FR","potentialAction":[{"@type":"ReadAction","target":["https:\/\/canadiancelebrantinstitute.ca\/fr\/officiant-courses\/"]}]},{"@type":"BreadcrumbList","@id":"https:\/\/canadiancelebrantinstitute.ca\/fr\/officiant-courses\/#breadcrumb","itemListElement":[{"@type":"ListItem","position":1,"name":"Home","item":"https:\/\/canadiancelebrantinstitute.ca\/fr\/"},{"@type":"ListItem","position":2,"name":"Cours pour le clerg\u00e9"}]},{"@type":"WebSite","@id":"https:\/\/canadiancelebrantinstitute.ca\/fr\/#website","url":"https:\/\/canadiancelebrantinstitute.ca\/fr\/","name":"Canadian Ministers Institute","description":"An outreach of Clergy Support Memorial Church","potentialAction":[{"@type":"SearchAction","target":{"@type":"EntryPoint","urlTemplate":"https:\/\/canadiancelebrantinstitute.ca\/fr\/?s={search_term_string}"},"query-input":{"@type":"PropertyValueSpecification","valueRequired":true,"valueName":"search_term_string"}}],"inLanguage":"fr-FR"}]}},"_links":{"self":[{"href":"https:\/\/canadiancelebrantinstitute.ca\/fr\/wp-json\/wp\/v2\/pages\/4042","targetHints":{"allow":["GET"]}}],"collection":[{"href":"https:\/\/canadiancelebrantinstitute.ca\/fr\/wp-json\/wp\/v2\/pages"}],"about":[{"href":"https:\/\/canadiancelebrantinstitute.ca\/fr\/wp-json\/wp\/v2\/types\/page"}],"author":[{"embeddable":true,"href":"https:\/\/canadiancelebrantinstitute.ca\/fr\/wp-json\/wp\/v2\/users\/2"}],"replies":[{"embeddable":true,"href":"https:\/\/canadiancelebrantinstitute.ca\/fr\/wp-json\/wp\/v2\/comments?post=4042"}],"version-history":[{"count":9,"href":"https:\/\/canadiancelebrantinstitute.ca\/fr\/wp-json\/wp\/v2\/pages\/4042\/revisions"}],"predecessor-version":[{"id":4081,"href":"https:\/\/canadiancelebrantinstitute.ca\/fr\/wp-json\/wp\/v2\/pages\/4042\/revisions\/4081"}],"wp:attachment":[{"href":"https:\/\/canadiancelebrantinstitute.ca\/fr\/wp-json\/wp\/v2\/media?parent=4042"}],"curies":[{"name":"wp","href":"https:\/\/api.w.org\/{rel}","templated":true}]}}